{"id":22,"date":"2022-02-09T11:36:01","date_gmt":"2022-02-09T10:36:01","guid":{"rendered":"https:\/\/boironsteve.com\/?page_id=22"},"modified":"2022-02-19T17:56:48","modified_gmt":"2022-02-19T16:56:48","slug":"peintures","status":"publish","type":"page","link":"https:\/\/boironsteve.com\/index.php\/peintures\/","title":{"rendered":"Peintures"},"content":{"rendered":"\n<div class=\"wp-block-columns is-layout-flex wp-container-core-columns-is-layout-9d6595d7 wp-block-columns-is-layout-flex\">\n<div class=\"wp-block-column is-layout-flow wp-block-column-is-layout-flow\" style=\"flex-basis:100%\">\n<div class=\"wp-block-media-text alignwide is-stacked-on-mobile\" style=\"grid-template-columns:38% auto\"><figure class=\"wp-block-media-text__media\"><img loading=\"lazy\" decoding=\"async\" width=\"306\" height=\"500\" src=\"https:\/\/boironsteve.com\/wp-content\/uploads\/2022\/02\/Boiron-steve-peinture-huile-toile-femme-nu-oil-painting-nude-woman-500x300-6.jpg\" alt=\"\" class=\"wp-image-225 size-full\" srcset=\"https:\/\/boironsteve.com\/wp-content\/uploads\/2022\/02\/Boiron-steve-peinture-huile-toile-femme-nu-oil-painting-nude-woman-500x300-6.jpg 306w, https:\/\/boironsteve.com\/wp-content\/uploads\/2022\/02\/Boiron-steve-peinture-huile-toile-femme-nu-oil-painting-nude-woman-500x300-6-184x300.jpg 184w\" sizes=\"auto, (max-width: 306px) 100vw, 306px\" \/><\/figure><div class=\"wp-block-media-text__content\">\n<p>Cette oeuvre a \u00e9t\u00e9 r\u00e9alis\u00e9 dans la Galerie J&#8217;ARM du 22 avenue Georges Clemenceau. Jean Michel Ambroggio en \u00e9tait l&#8217;heureux propri\u00e9taire. Je suis rest\u00e9 \u00e0 bosser pendant deux ans, matin, midi et soir. J&#8217;y ai pass\u00e9 de longues journ\u00e9es \u00e0 ressasser les m\u00eames lignes, les m\u00eames courbes et \u00e0 remplir la m\u00eame palette. Je garde d&#8217;excellents souvenirs de cette p\u00e9riode et  une tendresse si particuli\u00e8re pour jean-michel qui nous a quitt\u00e9 en Avril 2020. <\/p>\n\n\n\n<p>Huile sur toile, 2m x 1m, toile \u00e0 suspendre d\u00e9nu\u00e9 de ch\u00e2ssis<\/p>\n\n\n\n<p><\/p>\n<\/div><\/div>\n<\/div>\n<\/div>\n\n\n\n<div class=\"wp-block-media-text alignwide is-stacked-on-mobile\" style=\"grid-template-columns:28% auto\"><figure class=\"wp-block-media-text__media\"><img loading=\"lazy\" decoding=\"async\" width=\"300\" height=\"455\" src=\"https:\/\/boironsteve.com\/wp-content\/uploads\/2022\/02\/Boiron-steve-peinture-a-huile-oil-painting-jeune-fille-manga-young-girl-humanoide-1.jpg\" alt=\"\" class=\"wp-image-227 size-full\" srcset=\"https:\/\/boironsteve.com\/wp-content\/uploads\/2022\/02\/Boiron-steve-peinture-a-huile-oil-painting-jeune-fille-manga-young-girl-humanoide-1.jpg 300w, https:\/\/boironsteve.com\/wp-content\/uploads\/2022\/02\/Boiron-steve-peinture-a-huile-oil-painting-jeune-fille-manga-young-girl-humanoide-1-198x300.jpg 198w\" sizes=\"auto, (max-width: 300px) 100vw, 300px\" \/><\/figure><div class=\"wp-block-media-text__content\">\n<p class=\"has-normal-font-size\">Jeune fille \u00e0 la perle, peinture \u00e0 l&#8217;huile sur bois 50&#215;30<\/p>\n\n\n\n<p class=\"has-normal-font-size\">Je m&#8217;\u00e9tais imagin\u00e9 une enfant, ma fille, avec la beaut\u00e9 singuli\u00e8re des enfants m\u00e9tisses. L&#8217;\u00e9tant moi m\u00eame, je me trouve un certain charme, d&#8217;ailleurs. Charme qui tant \u00e0 dispara\u00eetre avec le temps et la lucidit\u00e9. Cette enfant, que je n&#8217;ai pas eu, aurait eu les traits de ma m\u00e8re, une pointe de m\u00e9lancolie ou de tristitude par son p\u00e8re, parce qu&#8217;elle en aurait eu, avoir un p\u00e8re comme moi qui veut sauver le monde sans jamais r\u00e9ussir, \u00e7a doit, forcement, laisser des traces. Elle aurait eu aussi ce petit cot\u00e9 dangereusement belle parce que ma femme l&#8217;est. Je dis \u00e7a sans contrainte et sans \u00eatre menac\u00e9. J&#8217;aime ma femme plus que tout, m\u00eame si j&#8217;ai peur, parfois.<\/p>\n\n\n\n<p><\/p>\n<\/div><\/div>\n\n\n\n<figure class=\"wp-block-image size-full\"><img loading=\"lazy\" decoding=\"async\" width=\"500\" height=\"506\" src=\"https:\/\/boironsteve.com\/wp-content\/uploads\/2022\/02\/Atelier-boiron-steve-steeve-Femme-nue-noir-et-blanc-500x500-peinture-oil-painting-4-boulevard-jacques-Ugo-vallaurisfrance-1.jpg\" alt=\"\" class=\"wp-image-228\" srcset=\"https:\/\/boironsteve.com\/wp-content\/uploads\/2022\/02\/Atelier-boiron-steve-steeve-Femme-nue-noir-et-blanc-500x500-peinture-oil-painting-4-boulevard-jacques-Ugo-vallaurisfrance-1.jpg 500w, https:\/\/boironsteve.com\/wp-content\/uploads\/2022\/02\/Atelier-boiron-steve-steeve-Femme-nue-noir-et-blanc-500x500-peinture-oil-painting-4-boulevard-jacques-Ugo-vallaurisfrance-1-296x300.jpg 296w\" sizes=\"auto, (max-width: 500px) 100vw, 500px\" \/><figcaption>Huile sur toile, 90&#215;90 cm, Femme nue, noir et blanc.<\/figcaption><\/figure>\n\n\n\n<div class=\"wp-block-image\"><figure class=\"alignright size-full is-resized\"><img loading=\"lazy\" decoding=\"async\" src=\"https:\/\/boironsteve.com\/wp-content\/uploads\/2022\/02\/Boiron-steve-steeve-femme-cheveux-bleu-500x500-peinture-oil-painting-4-boulevard-ugo-vallauris-france-1.jpg\" alt=\"\" class=\"wp-image-230\" width=\"340\" height=\"356\" srcset=\"https:\/\/boironsteve.com\/wp-content\/uploads\/2022\/02\/Boiron-steve-steeve-femme-cheveux-bleu-500x500-peinture-oil-painting-4-boulevard-ugo-vallauris-france-1.jpg 500w, https:\/\/boironsteve.com\/wp-content\/uploads\/2022\/02\/Boiron-steve-steeve-femme-cheveux-bleu-500x500-peinture-oil-painting-4-boulevard-ugo-vallauris-france-1-286x300.jpg 286w, https:\/\/boironsteve.com\/wp-content\/uploads\/2022\/02\/Boiron-steve-steeve-femme-cheveux-bleu-500x500-peinture-oil-painting-4-boulevard-ugo-vallauris-france-1-240x250.jpg 240w\" sizes=\"auto, (max-width: 340px) 100vw, 340px\" \/><figcaption>Femme bleue, huile sur toile 40 x 40<\/figcaption><\/figure><\/div>\n\n\n\n<div class=\"wp-block-image\"><figure class=\"alignright size-full is-resized\"><img loading=\"lazy\" decoding=\"async\" src=\"https:\/\/boironsteve.com\/wp-content\/uploads\/2022\/02\/Boiron-steve-steeve-jeune-homme-peinture-oil-painting-500x500-Atelier-Boiron-4-boulevard-UGO-vallauris-france-1.jpg\" alt=\"\" class=\"wp-image-229\" width=\"320\" height=\"387\" srcset=\"https:\/\/boironsteve.com\/wp-content\/uploads\/2022\/02\/Boiron-steve-steeve-jeune-homme-peinture-oil-painting-500x500-Atelier-Boiron-4-boulevard-UGO-vallauris-france-1.jpg 500w, https:\/\/boironsteve.com\/wp-content\/uploads\/2022\/02\/Boiron-steve-steeve-jeune-homme-peinture-oil-painting-500x500-Atelier-Boiron-4-boulevard-UGO-vallauris-france-1-248x300.jpg 248w\" sizes=\"auto, (max-width: 320px) 100vw, 320px\" \/><figcaption>Huile sur toile 40 x40<\/figcaption><\/figure><\/div>\n\n\n\n<div class=\"wp-block-image\"><figure class=\"alignright size-full is-resized\"><img loading=\"lazy\" decoding=\"async\" src=\"https:\/\/boironsteve.com\/wp-content\/uploads\/2022\/02\/Atelier-boiron-steve-steeve-peinture-jesus-oil-painting-4-boulevard-Jacques-Ugo-Vallauris-France-copie.jpg\" alt=\"\" class=\"wp-image-86\" width=\"293\" height=\"519\" srcset=\"https:\/\/boironsteve.com\/wp-content\/uploads\/2022\/02\/Atelier-boiron-steve-steeve-peinture-jesus-oil-painting-4-boulevard-Jacques-Ugo-Vallauris-France-copie.jpg 282w, https:\/\/boironsteve.com\/wp-content\/uploads\/2022\/02\/Atelier-boiron-steve-steeve-peinture-jesus-oil-painting-4-boulevard-Jacques-Ugo-Vallauris-France-copie-169x300.jpg 169w\" sizes=\"auto, (max-width: 293px) 100vw, 293px\" \/><figcaption>J\u00e9sus, Huile su b\u00e2che 150&#215;50 cm.<\/figcaption><\/figure><\/div>\n\n\n\n<figure class=\"wp-block-image size-full is-resized\"><img loading=\"lazy\" decoding=\"async\" src=\"https:\/\/boironsteve.com\/wp-content\/uploads\/2022\/02\/Atelier-boiron-steve-steeve-peinture-paitning-princesse-4-boulevard-Ugo-vallauris-france-1.jpg\" alt=\"\" class=\"wp-image-233\" width=\"225\" height=\"383\" srcset=\"https:\/\/boironsteve.com\/wp-content\/uploads\/2022\/02\/Atelier-boiron-steve-steeve-peinture-paitning-princesse-4-boulevard-Ugo-vallauris-france-1.jpg 300w, https:\/\/boironsteve.com\/wp-content\/uploads\/2022\/02\/Atelier-boiron-steve-steeve-peinture-paitning-princesse-4-boulevard-Ugo-vallauris-france-1-176x300.jpg 176w\" sizes=\"auto, (max-width: 225px) 100vw, 225px\" \/><\/figure>\n\n\n\n<div class=\"wp-block-image\"><figure class=\"alignleft size-full is-resized\"><img loading=\"lazy\" decoding=\"async\" src=\"https:\/\/boironsteve.com\/wp-content\/uploads\/2022\/02\/Atelier-boiron-steve-steeve-peinture-oil-painting-vierge-350x174-4-boulevard-Ugo-vallauris-france.jpg\" alt=\"\" class=\"wp-image-232\" width=\"237\" height=\"477\" srcset=\"https:\/\/boironsteve.com\/wp-content\/uploads\/2022\/02\/Atelier-boiron-steve-steeve-peinture-oil-painting-vierge-350x174-4-boulevard-Ugo-vallauris-france.jpg 174w, https:\/\/boironsteve.com\/wp-content\/uploads\/2022\/02\/Atelier-boiron-steve-steeve-peinture-oil-painting-vierge-350x174-4-boulevard-Ugo-vallauris-france-149x300.jpg 149w\" sizes=\"auto, (max-width: 237px) 100vw, 237px\" \/><\/figure><\/div>\n\n\n\n<p>, <\/p>\n\n\n\n<figure class=\"wp-block-image size-full is-resized\"><img loading=\"lazy\" decoding=\"async\" src=\"https:\/\/boironsteve.com\/wp-content\/uploads\/2022\/02\/Atelier-boiron-steve-steeve-peinture-paitning-Femme-nue-4-boulevard-Ugo-vallauris-france-1.jpg\" alt=\"\" class=\"wp-image-235\" width=\"267\" height=\"439\" srcset=\"https:\/\/boironsteve.com\/wp-content\/uploads\/2022\/02\/Atelier-boiron-steve-steeve-peinture-paitning-Femme-nue-4-boulevard-Ugo-vallauris-france-1.jpg 434w, https:\/\/boironsteve.com\/wp-content\/uploads\/2022\/02\/Atelier-boiron-steve-steeve-peinture-paitning-Femme-nue-4-boulevard-Ugo-vallauris-france-1-182x300.jpg 182w\" sizes=\"auto, (max-width: 267px) 100vw, 267px\" \/><\/figure>\n\n\n\n<figure class=\"wp-block-image size-full is-resized\"><img loading=\"lazy\" decoding=\"async\" src=\"https:\/\/boironsteve.com\/wp-content\/uploads\/2022\/02\/Atelier-boiron-steve-steeve-peinture-oil-paitning-eglise-410x242-4-boulevard-Ugo-vallauris-france.jpg\" alt=\"\" class=\"wp-image-112\" width=\"360\" height=\"610\" srcset=\"https:\/\/boironsteve.com\/wp-content\/uploads\/2022\/02\/Atelier-boiron-steve-steeve-peinture-oil-paitning-eglise-410x242-4-boulevard-Ugo-vallauris-france.jpg 242w, https:\/\/boironsteve.com\/wp-content\/uploads\/2022\/02\/Atelier-boiron-steve-steeve-peinture-oil-paitning-eglise-410x242-4-boulevard-Ugo-vallauris-france-177x300.jpg 177w\" sizes=\"auto, (max-width: 360px) 100vw, 360px\" \/><figcaption>Huile sur bois, 150&#215;60, 2014.<\/figcaption><\/figure>\n\n\n\n<div class=\"wp-block-media-text alignwide is-stacked-on-mobile\"><figure class=\"wp-block-media-text__media\"><img loading=\"lazy\" decoding=\"async\" width=\"1024\" height=\"512\" src=\"https:\/\/boironsteve.com\/wp-content\/uploads\/2022\/02\/Atelier-boiron-steve-steeve-peinture-oil-painting-crucifie-4-boulevard-Ugo-vallauris-france-copie-1024x512.jpg\" alt=\"\" class=\"wp-image-114 size-full\" srcset=\"https:\/\/boironsteve.com\/wp-content\/uploads\/2022\/02\/Atelier-boiron-steve-steeve-peinture-oil-painting-crucifie-4-boulevard-Ugo-vallauris-france-copie-1024x512.jpg 1024w, https:\/\/boironsteve.com\/wp-content\/uploads\/2022\/02\/Atelier-boiron-steve-steeve-peinture-oil-painting-crucifie-4-boulevard-Ugo-vallauris-france-copie-300x150.jpg 300w, https:\/\/boironsteve.com\/wp-content\/uploads\/2022\/02\/Atelier-boiron-steve-steeve-peinture-oil-painting-crucifie-4-boulevard-Ugo-vallauris-france-copie-768x384.jpg 768w, https:\/\/boironsteve.com\/wp-content\/uploads\/2022\/02\/Atelier-boiron-steve-steeve-peinture-oil-painting-crucifie-4-boulevard-Ugo-vallauris-france-copie-1536x768.jpg 1536w, https:\/\/boironsteve.com\/wp-content\/uploads\/2022\/02\/Atelier-boiron-steve-steeve-peinture-oil-painting-crucifie-4-boulevard-Ugo-vallauris-france-copie-2048x1024.jpg 2048w, https:\/\/boironsteve.com\/wp-content\/uploads\/2022\/02\/Atelier-boiron-steve-steeve-peinture-oil-painting-crucifie-4-boulevard-Ugo-vallauris-france-copie-421x211.jpg 421w\" sizes=\"auto, (max-width: 1024px) 100vw, 1024px\" \/><\/figure><div class=\"wp-block-media-text__content\">\n<p class=\"has-normal-font-size\"><strong>Le crucifi\u00e9, une m\u00e9taphore sur le sacrifice, le don de soi, l&#8217;abandon<\/strong>.<\/p>\n\n\n\n<p>C&#8217; \u00e9tait le d\u00e9but de mes ambitions graphiques. Une premi\u00e8re Expo dans les ruelles de Vallauris, Rue des Grands Horts. Je n&#8217;osais pas me frotter \u00e0 la couleur. Je retrouve beaucoup d&#8217;h\u00e9sitation, maladresse et de candeur dans cette p\u00e9riode. Je ne pensais pas que le m\u00e9tier de peintre pouvait \u00eatre aussi tortur\u00e9, long et parfois hors de propos. Croire que s&#8217;enfermer dans son atelier en travaillant sans rel\u00e2che et contre tout forme de doute suffit \u00e0 vous catapulter dans les strates des peintres reconnus \u00e9tait na\u00eff. Si cette premi\u00e8re exposition en 2014 avait sonn\u00e9 le d\u00e9part de ma vie de peintre, j&#8217;ai le sentiment, 8 ans plus tard, de n&#8217;\u00eatre encore qu&#8217;au d\u00e9but. Il y a tellement \u00e0 faire. Et, chaque fois que je m&#8217;essaie, une autre voie s&#8217;ouvre en me ramenant sans cesse au statut d&#8217;apprenti.     <\/p>\n<\/div><\/div>\n\n\n\n<figure class=\"wp-block-image size-large is-resized\"><img loading=\"lazy\" decoding=\"async\" src=\"https:\/\/boironsteve.com\/wp-content\/uploads\/2022\/02\/expo-2014-invitation-vallauris-Boiron-Steve-1024x722.jpg\" alt=\"\" class=\"wp-image-199\" width=\"799\" height=\"562\" srcset=\"https:\/\/boironsteve.com\/wp-content\/uploads\/2022\/02\/expo-2014-invitation-vallauris-Boiron-Steve-1024x722.jpg 1024w, https:\/\/boironsteve.com\/wp-content\/uploads\/2022\/02\/expo-2014-invitation-vallauris-Boiron-Steve-300x211.jpg 300w, https:\/\/boironsteve.com\/wp-content\/uploads\/2022\/02\/expo-2014-invitation-vallauris-Boiron-Steve-768x541.jpg 768w, https:\/\/boironsteve.com\/wp-content\/uploads\/2022\/02\/expo-2014-invitation-vallauris-Boiron-Steve-1536x1082.jpg 1536w, https:\/\/boironsteve.com\/wp-content\/uploads\/2022\/02\/expo-2014-invitation-vallauris-Boiron-Steve-426x300.jpg 426w, https:\/\/boironsteve.com\/wp-content\/uploads\/2022\/02\/expo-2014-invitation-vallauris-Boiron-Steve.jpg 2048w\" sizes=\"auto, (max-width: 799px) 100vw, 799px\" \/><figcaption>L&#8217;invitation de ma premi\u00e8re expo, 20 rue des Grands Horts, Vallauris. 2014<\/figcaption><\/figure>\n\n\n\n<p>Les infos sur ce flyer ne sont plus d&#8217;actualit\u00e9s, sauf mon tel et le mail.<\/p>\n\n\n\n<p><\/p>\n\n\n\n<p><\/p>\n\n\n\n<div class=\"wp-block-image\"><figure class=\"alignleft size-full\"><img loading=\"lazy\" decoding=\"async\" width=\"355\" height=\"500\" src=\"https:\/\/boironsteve.com\/wp-content\/uploads\/2022\/02\/Artiste-peintre-Boiron-Steve-femme-nue-2010-Peinture-4-Boulevard-Ugo-Vallauris-France-500x300-1.jpg\" alt=\"\" class=\"wp-image-234\" srcset=\"https:\/\/boironsteve.com\/wp-content\/uploads\/2022\/02\/Artiste-peintre-Boiron-Steve-femme-nue-2010-Peinture-4-Boulevard-Ugo-Vallauris-France-500x300-1.jpg 355w, https:\/\/boironsteve.com\/wp-content\/uploads\/2022\/02\/Artiste-peintre-Boiron-Steve-femme-nue-2010-Peinture-4-Boulevard-Ugo-Vallauris-France-500x300-1-213x300.jpg 213w\" sizes=\"auto, (max-width: 355px) 100vw, 355px\" \/><\/figure><\/div>\n\n\n\n<div class=\"wp-block-image\"><figure class=\"alignright size-full\"><img loading=\"lazy\" decoding=\"async\" width=\"500\" height=\"265\" src=\"https:\/\/boironsteve.com\/wp-content\/uploads\/2022\/02\/Atelier-boiron-steve-steeve-peinture-oil-painting-paysage-montagne-4-boulevard-Ugo-vallauris-france-copie-1.jpg\" alt=\"\" class=\"wp-image-231\" srcset=\"https:\/\/boironsteve.com\/wp-content\/uploads\/2022\/02\/Atelier-boiron-steve-steeve-peinture-oil-painting-paysage-montagne-4-boulevard-Ugo-vallauris-france-copie-1.jpg 500w, https:\/\/boironsteve.com\/wp-content\/uploads\/2022\/02\/Atelier-boiron-steve-steeve-peinture-oil-painting-paysage-montagne-4-boulevard-Ugo-vallauris-france-copie-1-300x159.jpg 300w, https:\/\/boironsteve.com\/wp-content\/uploads\/2022\/02\/Atelier-boiron-steve-steeve-peinture-oil-painting-paysage-montagne-4-boulevard-Ugo-vallauris-france-copie-1-452x240.jpg 452w\" sizes=\"auto, (max-width: 500px) 100vw, 500px\" \/><figcaption>Paysage montagne, Huile sur carton, 80&#215;40 cm.<\/figcaption><\/figure><\/div>\n","protected":false},"excerpt":{"rendered":"<p>Cette oeuvre a \u00e9t\u00e9 r\u00e9alis\u00e9 dans la Galerie J&#8217;ARM du 22 avenue Georges Clemenceau. Jean Michel Ambroggio en \u00e9tait l&#8217;heureux propri\u00e9taire. Je suis rest\u00e9 \u00e0 &hellip;<\/p>\n","protected":false},"author":1,"featured_media":0,"parent":0,"menu_order":1,"comment_status":"closed","ping_status":"closed","template":"","meta":{"_monsterinsights_skip_tracking":false,"_monsterinsights_sitenote_active":false,"_monsterinsights_sitenote_note":"","_monsterinsights_sitenote_category":0,"footnotes":""},"class_list":["post-22","page","type-page","status-publish","hentry"],"aioseo_notices":[],"_links":{"self":[{"href":"https:\/\/boironsteve.com\/index.php\/wp-json\/wp\/v2\/pages\/22","targetHints":{"allow":["GET"]}}],"collection":[{"href":"https:\/\/boironsteve.com\/index.php\/wp-json\/wp\/v2\/pages"}],"about":[{"href":"https:\/\/boironsteve.com\/index.php\/wp-json\/wp\/v2\/types\/page"}],"author":[{"embeddable":true,"href":"https:\/\/boironsteve.com\/index.php\/wp-json\/wp\/v2\/users\/1"}],"replies":[{"embeddable":true,"href":"https:\/\/boironsteve.com\/index.php\/wp-json\/wp\/v2\/comments?post=22"}],"version-history":[{"count":20,"href":"https:\/\/boironsteve.com\/index.php\/wp-json\/wp\/v2\/pages\/22\/revisions"}],"predecessor-version":[{"id":237,"href":"https:\/\/boironsteve.com\/index.php\/wp-json\/wp\/v2\/pages\/22\/revisions\/237"}],"wp:attachment":[{"href":"https:\/\/boironsteve.com\/index.php\/wp-json\/wp\/v2\/media?parent=22"}],"curies":[{"name":"wp","href":"https:\/\/api.w.org\/{rel}","templated":true}]}}